{"id":4652,"date":"2022-04-01T12:33:37","date_gmt":"2022-04-01T10:33:37","guid":{"rendered":"https:\/\/georgiou-group.gr\/product\/cable-cover-o22mm\/"},"modified":"2022-04-01T12:33:37","modified_gmt":"2022-04-01T10:33:37","slug":"cable-cover-o22mm","status":"publish","type":"product","link":"https:\/\/georgiou-group.gr\/en\/product\/cable-cover-o22mm\/","title":{"rendered":"Cable Cover \u00d822mm"},"content":{"rendered":"<p><strong>\u00d822mm<\/strong> diameter cable cover total length 1.5 meters in black \/ silver color. &nbsp; Suitable for carrying all types of cables. &nbsp;<\/p>\n<p>They are available in four types \u00d816mm (code <strong>8016<\/strong>), \u00d822mm (code <strong>8022<\/strong>), \u00d828mm (code <strong>8028<\/strong>) and \u00d834mm (code <strong>8034<\/strong>).&nbsp;&nbsp;&nbsp;&nbsp;&nbsp;&nbsp;&nbsp;&nbsp;<\/p>\n<p><strong>Package<\/strong>: &nbsp;&nbsp;&nbsp;&nbsp; Each package contains one item.&nbsp;<\/p>\n","protected":false},"excerpt":{"rendered":"<p>\u00d822mm diameter cable cover total length 1.5 meters in black \/ silver color. &nbsp; Suitable for carrying all types of cables. &nbsp; They are available in four types \u00d816mm (code 8016), \u00d822mm (code 8022), \u00d828mm (code 8028) and \u00d834mm (code 8034).&nbsp;&nbsp;&nbsp;&nbsp;&nbsp;&nbsp;&nbsp;&nbsp; Package: &nbsp;&nbsp;&nbsp;&nbsp; Each package contains one item.&nbsp;<\/p>\n","protected":false},"featured_media":6111,"comment_status":"closed","ping_status":"closed","template":"","meta":[],"product_cat":[248],"product_tag":[],"class_list":{"0":"post-4652","1":"product","2":"type-product","3":"status-publish","4":"has-post-thumbnail","6":"product_cat-other","8":"first","9":"instock","10":"shipping-taxable","11":"product-type-simple"},"aioseo_notices":[],"_links":{"self":[{"href":"https:\/\/georgiou-group.gr\/en\/wp-json\/wp\/v2\/product\/4652","targetHints":{"allow":["GET"]}}],"collection":[{"href":"https:\/\/georgiou-group.gr\/en\/wp-json\/wp\/v2\/product"}],"about":[{"href":"https:\/\/georgiou-group.gr\/en\/wp-json\/wp\/v2\/types\/product"}],"replies":[{"embeddable":true,"href":"https:\/\/georgiou-group.gr\/en\/wp-json\/wp\/v2\/comments?post=4652"}],"wp:featuredmedia":[{"embeddable":true,"href":"https:\/\/georgiou-group.gr\/en\/wp-json\/wp\/v2\/media\/6111"}],"wp:attachment":[{"href":"https:\/\/georgiou-group.gr\/en\/wp-json\/wp\/v2\/media?parent=4652"}],"wp:term":[{"taxonomy":"product_cat","embeddable":true,"href":"https:\/\/georgiou-group.gr\/en\/wp-json\/wp\/v2\/product_cat?post=4652"},{"taxonomy":"product_tag","embeddable":true,"href":"https:\/\/georgiou-group.gr\/en\/wp-json\/wp\/v2\/product_tag?post=4652"}],"curies":[{"name":"wp","href":"https:\/\/api.w.org\/{rel}","templated":true}]}}